{"id":3160,"date":"2020-12-31T23:34:47","date_gmt":"2020-12-31T22:34:47","guid":{"rendered":"https:\/\/blueskyapartments.eu\/?page_id=3160"},"modified":"2024-10-31T16:47:22","modified_gmt":"2024-10-31T15:47:22","slug":"cookie-policy","status":"publish","type":"page","link":"https:\/\/blueskyapartments.eu\/cz\/cookie-policy\/","title":{"rendered":"Cookie Policy"},"content":{"rendered":"\t\t<div data-elementor-type=\"wp-page\" data-elementor-id=\"3160\" class=\"elementor elementor-3160\">\n\t\t\t\t\t\t<section class=\"elementor-section elementor-top-section elementor-element elementor-element-5b46ef6 ct-section-stretched elementor-section-height-min-height elementor-section-boxed elementor-section-height-default elementor-section-items-middle\" data-id=\"5b46ef6\" data-element_type=\"section\" data-e-type=\"section\" data-settings=\"{&quot;background_background&quot;:&quot;gradient&quot;}\">\n\t\t\t\t\t\t<div class=\"elementor-container elementor-column-gap-default\">\n\t\t\t\t\t<div class=\"elementor-column elementor-col-100 elementor-top-column elementor-element elementor-element-ef6f743\" data-id=\"ef6f743\" data-element_type=\"column\" data-e-type=\"column\">\n\t\t\t<div class=\"elementor-widget-wrap elementor-element-populated\">\n\t\t\t\t\t\t<div class=\"elementor-element elementor-element-7be7e79 elementor-widget elementor-widget-heading\" data-id=\"7be7e79\" data-element_type=\"widget\" data-e-type=\"widget\" data-widget_type=\"heading.default\">\n\t\t\t\t<div class=\"elementor-widget-container\">\n\t\t\t\t\t<h2 class=\"elementor-heading-title elementor-size-default\"><span class=\"notranslate\">Cookie Policy<\/span><\/h2>\t\t\t\t<\/div>\n\t\t\t\t<\/div>\n\t\t\t\t<div class=\"elementor-element elementor-element-2917b5c elementor-widget elementor-widget-spacer\" data-id=\"2917b5c\" data-element_type=\"widget\" data-e-type=\"widget\" data-widget_type=\"spacer.default\">\n\t\t\t\t<div class=\"elementor-widget-container\">\n\t\t\t\t\t\t\t<div class=\"elementor-spacer\">\n\t\t\t<div class=\"elementor-spacer-inner\"><\/div>\n\t\t<\/div>\n\t\t\t\t\t\t<\/div>\n\t\t\t\t<\/div>\n\t\t\t\t\t<\/div>\n\t\t<\/div>\n\t\t\t\t\t<\/div>\n\t\t<\/section>\n\t\t\t\t<section class=\"elementor-section elementor-top-section elementor-element elementor-element-6c4a5c1 elementor-section-boxed elementor-section-height-default elementor-section-height-default\" data-id=\"6c4a5c1\" data-element_type=\"section\" data-e-type=\"section\">\n\t\t\t\t\t\t<div class=\"elementor-container elementor-column-gap-default\">\n\t\t\t\t\t<div class=\"elementor-column elementor-col-100 elementor-top-column elementor-element elementor-element-4828ffc\" data-id=\"4828ffc\" data-element_type=\"column\" data-e-type=\"column\">\n\t\t\t<div class=\"elementor-widget-wrap elementor-element-populated\">\n\t\t\t\t\t\t<div class=\"elementor-element elementor-element-9857c04 elementor-widget elementor-widget-text-editor\" data-id=\"9857c04\" data-element_type=\"widget\" data-e-type=\"widget\" data-widget_type=\"text-editor.default\">\n\t\t\t\t<div class=\"elementor-widget-container\">\n\t\t\t\t\t\t\t\t\t<p>Cookie Policy<script type=\"text\/javascript\">(function (w,d) {var loader = function () {var s = d.createElement(\"script\"), tag = d.getElementsByTagName(\"script\")[0]; s.src=\"https:\/\/cdn.iubenda.com\/iubenda.js\"; tag.parentNode.insertBefore(s,tag);}; if(w.addEventListener){w.addEventListener(\"load\", loader, false);}else if(w.attachEvent){w.attachEvent(\"onload\", loader);}else{w.onload = loader;}})(window, document);<\/script><\/p>\t\t\t\t\t\t\t\t<\/div>\n\t\t\t\t<\/div>\n\t\t\t\t\t<\/div>\n\t\t<\/div>\n\t\t\t\t\t<\/div>\n\t\t<\/section>\n\t\t\t\t<\/div>\n\t\t","protected":false},"excerpt":{"rendered":"<p>Cookie Policy Cookie Policy<\/p>","protected":false},"author":1,"featured_media":0,"parent":0,"menu_order":0,"comment_status":"closed","ping_status":"closed","template":"","meta":{"footnotes":""},"class_list":["post-3160","page","type-page","status-publish","hentry"],"blocksy_meta":{"page_title_panel":"","has_hero_section":"disabled","3d15bb4bba334a243b0125b3bea35be1":"","hero_section":"type-1","hero_elements":[{"id":"custom_title","enabled":true},{"id":"breadcrumbs","enabled":false},{"id":"custom_description","enabled":true,"description_visibility":{"desktop":true,"tablet":true,"mobile":false}},{"id":"custom_meta","enabled":true,"single_meta_elements":{"author":false,"date":false,"categories":false,"comments":false,"updated":false,"tags":false},"page_meta_elements":{"joined":true,"articles_count":true,"comments":true}}],"d313c8e62ef5f1de11b0cefe464d030e":"","hero_alignment1":"left","hero_alignment2":"center","hero_height":"230px","page_title_bg_type":"color","custom_hero_background":{"attachment_id":null},"parallax":{"desktop":false,"tablet":false,"mobile":false},"pageTitleFont":{"family":"Default","variation":"Default","size":{"desktop":"32px","tablet":"30px","mobile":"25px"},"line-height":"1.3","letter-spacing":"CT_CSS_SKIP_RULE","text-transform":"CT_CSS_SKIP_RULE","text-decoration":"CT_CSS_SKIP_RULE"},"pageTitleFontColor":{"default":{"color":"CT_CSS_SKIP_RULEDEFAULT"}},"pageMetaFont":{"family":"Default","variation":"n6","size":{"desktop":"12px","tablet":"12px","mobile":"12px"},"line-height":"1.3","letter-spacing":"CT_CSS_SKIP_RULE","text-transform":"uppercase","text-decoration":"CT_CSS_SKIP_RULE"},"pageMetaFontColor":{"default":{"color":"CT_CSS_SKIP_RULEDEFAULT"},"hover":{"color":"CT_CSS_SKIP_RULEDEFAULT"}},"pageExcerptFont":{"family":"Default","variation":"n5","size":"CT_CSS_SKIP_RULE","line-height":"CT_CSS_SKIP_RULE","letter-spacing":"CT_CSS_SKIP_RULE","text-transform":"CT_CSS_SKIP_RULE","text-decoration":"CT_CSS_SKIP_RULE"},"pageExcerptColor":{"default":{"color":"CT_CSS_SKIP_RULEDEFAULT"}},"breadcrumbsFont":{"family":"Default","variation":"n6","size":"12px","line-height":"CT_CSS_SKIP_RULE","letter-spacing":"CT_CSS_SKIP_RULE","text-transform":"uppercase","text-decoration":"CT_CSS_SKIP_RULE"},"breadcrumbsFontColor":{"default":{"color":"CT_CSS_SKIP_RULEDEFAULT"},"initial":{"color":"CT_CSS_SKIP_RULEDEFAULT"},"hover":{"color":"CT_CSS_SKIP_RULEDEFAULT"}},"pageTitleOverlay":{"default":{"color":"rgba(41, 51, 60, 0.2)"}},"pageTitleBackground":{"background_type":"color","background_pattern":"type-1","background_image":{"attachment_id":null,"x":0,"y":0},"background_repeat":"no-repeat","background_size":"auto","background_attachment":"scroll","patternColor":{"default":{"color":"#e5e7ea"}},"backgroundColor":{"default":{"color":"#EDEFF2"}}},"2e401624050e2b4d7ad96e4de4418ff3":"","page_structure_type":"default","page_enable_vertical_spacing":"no","d80e26b6a2615bd883bfd17d2870971e":"","disable_featured_image":"no","78e71bdf393c3d876f2795e1e5b64b1f":"","51df3030fd71840222bbcdecbc3146d4":"","hero_structure":"narrow","262bdd9221ebae1fdff1994ed7af1075":"","content_style":"inherit","vertical_spacing_source":"custom","content_area_spacing":"none","background":{"background_type":"color","background_pattern":"type-1","background_image":{"attachment_id":null,"x":0,"y":0},"background_repeat":"no-repeat","background_size":"auto","background_attachment":"scroll","patternColor":{"default":{"color":"#e5e7ea"}},"backgroundColor":{"default":{"color":"CT_CSS_SKIP_RULE"}}},"content_background":{"background_type":"color","background_pattern":"type-1","background_image":{"attachment_id":null,"x":0,"y":0},"background_repeat":"no-repeat","background_size":"auto","background_attachment":"scroll","patternColor":{"default":{"color":"#e5e7ea"}},"backgroundColor":{"default":{"color":"#ffffff"}}},"content_boxed_spacing":{"desktop":"40px","tablet":"35px","mobile":"20px"},"content_boxed_radius":{"top":"3px","bottom":"3px","left":"3px","right":"3px","linked":true},"content_boxed_shadow":{"blur":18,"spread":-6,"v_offset":12,"h_offset":0,"inset":false,"enable":true,"color":{"color":"rgba(34, 56, 101, 0.04)"}},"67fd60e80e179b72afa5d6a407e85b29":"","styles_descriptor":{"styles":{"desktop":"","tablet":"","mobile":""},"google_fonts":[],"version":6}},"yoast_head":"<!-- This site is optimized with the Yoast SEO plugin v27.3 - https:\/\/yoast.com\/product\/yoast-seo-wordpress\/ -->\n<title>Cookie Policy - BlueSkyApartments<\/title>\n<meta name=\"robots\" content=\"index, follow, max-snippet:-1, max-image-preview:large, max-video-preview:-1\" \/>\n<link rel=\"canonical\" href=\"https:\/\/blueskyapartments.eu\/cz\/cookie-policy\/\" \/>\n<meta property=\"og:locale\" content=\"cs_CZ\" \/>\n<meta property=\"og:type\" content=\"article\" \/>\n<meta property=\"og:title\" content=\"Cookie Policy - BlueSkyApartments\" \/>\n<meta property=\"og:description\" content=\"Cookie Policy Cookie Policy\" \/>\n<meta property=\"og:url\" content=\"https:\/\/blueskyapartments.eu\/cz\/cookie-policy\/\" \/>\n<meta property=\"og:site_name\" content=\"BlueSkyApartments\" \/>\n<meta property=\"article:publisher\" content=\"https:\/\/www.facebook.com\/BlueSkyApartmentsRogoznica\" \/>\n<meta property=\"article:modified_time\" content=\"2024-10-31T15:47:22+00:00\" \/>\n<meta property=\"og:image\" content=\"https:\/\/blueskyapartments.eu\/wp-content\/uploads\/2024\/05\/rogoznica-logo-blue-sky-apartments.jpg\" \/>\n\t<meta property=\"og:image:width\" content=\"1200\" \/>\n\t<meta property=\"og:image:height\" content=\"630\" \/>\n\t<meta property=\"og:image:type\" content=\"image\/jpeg\" \/>\n<meta name=\"twitter:card\" content=\"summary_large_image\" \/>\n<meta name=\"twitter:label1\" content=\"Odhadovan\u00e1 doba \u010dten\u00ed\" \/>\n\t<meta name=\"twitter:data1\" content=\"1 minuta\" \/>\n<script type=\"application\/ld+json\" class=\"yoast-schema-graph\">{\"@context\":\"https:\\\/\\\/schema.org\",\"@graph\":[{\"@type\":\"WebPage\",\"@id\":\"https:\\\/\\\/blueskyapartments.eu\\\/cookie-policy\\\/\",\"url\":\"https:\\\/\\\/blueskyapartments.eu\\\/cookie-policy\\\/\",\"name\":\"Cookie Policy - BlueSkyApartments\",\"isPartOf\":{\"@id\":\"https:\\\/\\\/blueskyapartments.eu\\\/#website\"},\"datePublished\":\"2020-12-31T22:34:47+00:00\",\"dateModified\":\"2024-10-31T15:47:22+00:00\",\"breadcrumb\":{\"@id\":\"https:\\\/\\\/blueskyapartments.eu\\\/cookie-policy\\\/#breadcrumb\"},\"inLanguage\":\"cs\",\"potentialAction\":[{\"@type\":\"ReadAction\",\"target\":[\"https:\\\/\\\/blueskyapartments.eu\\\/cookie-policy\\\/\"]}]},{\"@type\":\"BreadcrumbList\",\"@id\":\"https:\\\/\\\/blueskyapartments.eu\\\/cookie-policy\\\/#breadcrumb\",\"itemListElement\":[{\"@type\":\"ListItem\",\"position\":1,\"name\":\"Home\",\"item\":\"https:\\\/\\\/blueskyapartments.eu\\\/\"},{\"@type\":\"ListItem\",\"position\":2,\"name\":\"Cookie Policy\"}]},{\"@type\":\"WebSite\",\"@id\":\"https:\\\/\\\/blueskyapartments.eu\\\/#website\",\"url\":\"https:\\\/\\\/blueskyapartments.eu\\\/\",\"name\":\"BlueSkyApartments\",\"description\":\"\",\"publisher\":{\"@id\":\"https:\\\/\\\/blueskyapartments.eu\\\/#organization\"},\"potentialAction\":[{\"@type\":\"SearchAction\",\"target\":{\"@type\":\"EntryPoint\",\"urlTemplate\":\"https:\\\/\\\/blueskyapartments.eu\\\/?s={search_term_string}\"},\"query-input\":{\"@type\":\"PropertyValueSpecification\",\"valueRequired\":true,\"valueName\":\"search_term_string\"}}],\"inLanguage\":\"cs\"},{\"@type\":\"Organization\",\"@id\":\"https:\\\/\\\/blueskyapartments.eu\\\/#organization\",\"name\":\"BlueSkyApartments\",\"url\":\"https:\\\/\\\/blueskyapartments.eu\\\/\",\"logo\":{\"@type\":\"ImageObject\",\"inLanguage\":\"cs\",\"@id\":\"https:\\\/\\\/blueskyapartments.eu\\\/#\\\/schema\\\/logo\\\/image\\\/\",\"url\":\"https:\\\/\\\/blueskyapartments.eu\\\/wp-content\\\/uploads\\\/2024\\\/05\\\/blue-sky-apartments-logo-google.png\",\"contentUrl\":\"https:\\\/\\\/blueskyapartments.eu\\\/wp-content\\\/uploads\\\/2024\\\/05\\\/blue-sky-apartments-logo-google.png\",\"width\":500,\"height\":500,\"caption\":\"BlueSkyApartments\"},\"image\":{\"@id\":\"https:\\\/\\\/blueskyapartments.eu\\\/#\\\/schema\\\/logo\\\/image\\\/\"},\"sameAs\":[\"https:\\\/\\\/www.facebook.com\\\/BlueSkyApartmentsRogoznica\",\"https:\\\/\\\/www.instagram.com\\\/blueskyapartmentsrogoznica\\\/\"]}]}<\/script>\n<!-- \/ Yoast SEO plugin. -->","yoast_head_json":{"title":"Cookie Policy - BlueSkyApartments","robots":{"index":"index","follow":"follow","max-snippet":"max-snippet:-1","max-image-preview":"max-image-preview:large","max-video-preview":"max-video-preview:-1"},"canonical":"https:\/\/blueskyapartments.eu\/cz\/cookie-policy\/","og_locale":"cs_CZ","og_type":"article","og_title":"Cookie Policy - BlueSkyApartments","og_description":"Cookie Policy Cookie Policy","og_url":"https:\/\/blueskyapartments.eu\/cz\/cookie-policy\/","og_site_name":"BlueSkyApartments","article_publisher":"https:\/\/www.facebook.com\/BlueSkyApartmentsRogoznica","article_modified_time":"2024-10-31T15:47:22+00:00","og_image":[{"width":1200,"height":630,"url":"https:\/\/blueskyapartments.eu\/wp-content\/uploads\/2024\/05\/rogoznica-logo-blue-sky-apartments.jpg","type":"image\/jpeg"}],"twitter_card":"summary_large_image","twitter_misc":{"Odhadovan\u00e1 doba \u010dten\u00ed":"1 minuta"},"schema":{"@context":"https:\/\/schema.org","@graph":[{"@type":"WebPage","@id":"https:\/\/blueskyapartments.eu\/cookie-policy\/","url":"https:\/\/blueskyapartments.eu\/cookie-policy\/","name":"Cookie Policy - BlueSkyApartments","isPartOf":{"@id":"https:\/\/blueskyapartments.eu\/#website"},"datePublished":"2020-12-31T22:34:47+00:00","dateModified":"2024-10-31T15:47:22+00:00","breadcrumb":{"@id":"https:\/\/blueskyapartments.eu\/cookie-policy\/#breadcrumb"},"inLanguage":"cs","potentialAction":[{"@type":"ReadAction","target":["https:\/\/blueskyapartments.eu\/cookie-policy\/"]}]},{"@type":"BreadcrumbList","@id":"https:\/\/blueskyapartments.eu\/cookie-policy\/#breadcrumb","itemListElement":[{"@type":"ListItem","position":1,"name":"Home","item":"https:\/\/blueskyapartments.eu\/"},{"@type":"ListItem","position":2,"name":"Cookie Policy"}]},{"@type":"WebSite","@id":"https:\/\/blueskyapartments.eu\/#website","url":"https:\/\/blueskyapartments.eu\/","name":"Blue Sky Apartamenty","description":"","publisher":{"@id":"https:\/\/blueskyapartments.eu\/#organization"},"potentialAction":[{"@type":"SearchAction","target":{"@type":"EntryPoint","urlTemplate":"https:\/\/blueskyapartments.eu\/?s={search_term_string}"},"query-input":{"@type":"PropertyValueSpecification","valueRequired":true,"valueName":"search_term_string"}}],"inLanguage":"cs"},{"@type":"Organization","@id":"https:\/\/blueskyapartments.eu\/#organization","name":"Blue Sky Apartamenty","url":"https:\/\/blueskyapartments.eu\/","logo":{"@type":"ImageObject","inLanguage":"cs","@id":"https:\/\/blueskyapartments.eu\/#\/schema\/logo\/image\/","url":"https:\/\/blueskyapartments.eu\/wp-content\/uploads\/2024\/05\/blue-sky-apartments-logo-google.png","contentUrl":"https:\/\/blueskyapartments.eu\/wp-content\/uploads\/2024\/05\/blue-sky-apartments-logo-google.png","width":500,"height":500,"caption":"BlueSkyApartments"},"image":{"@id":"https:\/\/blueskyapartments.eu\/#\/schema\/logo\/image\/"},"sameAs":["https:\/\/www.facebook.com\/BlueSkyApartmentsRogoznica","https:\/\/www.instagram.com\/blueskyapartmentsrogoznica\/"]}]}},"_links":{"self":[{"href":"https:\/\/blueskyapartments.eu\/cz\/wp-json\/wp\/v2\/pages\/3160","targetHints":{"allow":["GET"]}}],"collection":[{"href":"https:\/\/blueskyapartments.eu\/cz\/wp-json\/wp\/v2\/pages"}],"about":[{"href":"https:\/\/blueskyapartments.eu\/cz\/wp-json\/wp\/v2\/types\/page"}],"author":[{"embeddable":true,"href":"https:\/\/blueskyapartments.eu\/cz\/wp-json\/wp\/v2\/users\/1"}],"replies":[{"embeddable":true,"href":"https:\/\/blueskyapartments.eu\/cz\/wp-json\/wp\/v2\/comments?post=3160"}],"version-history":[{"count":0,"href":"https:\/\/blueskyapartments.eu\/cz\/wp-json\/wp\/v2\/pages\/3160\/revisions"}],"wp:attachment":[{"href":"https:\/\/blueskyapartments.eu\/cz\/wp-json\/wp\/v2\/media?parent=3160"}],"curies":[{"name":"wp","href":"https:\/\/api.w.org\/{rel}","templated":true}]}}